{"id":458,"date":"2025-05-14T19:18:05","date_gmt":"2025-05-14T19:18:05","guid":{"rendered":"http:\/\/191.edukovac.xyz\/?page_id=458"},"modified":"2025-06-02T08:33:27","modified_gmt":"2025-06-02T08:33:27","slug":"naslovna-5","status":"publish","type":"page","link":"https:\/\/191.edukovac.xyz\/","title":{"rendered":"Naslovna"},"content":{"rendered":"<p>[et_pb_section fb_built=&#8221;1&#8243; admin_label=&#8221;Hero&#8221; _builder_version=&#8221;4.17.6&#8243; _module_preset=&#8221;default&#8221; locked=&#8221;off&#8221; collapsed=&#8221;on&#8221; global_colors_info=&#8221;{}&#8221;][et_pb_row column_structure=&#8221;1_2,1_2&#8243; _builder_version=&#8221;4.17.6&#8243; _module_preset=&#8221;5138c454-be54-4233-bd3b-f8e6a8747976&#8243; global_colors_info=&#8221;{}&#8221;][et_pb_column type=&#8221;1_2&#8243; _builder_version=&#8221;4.17.6&#8243; _module_preset=&#8221;73121f80-a3ef-4484-8763-c3f18e3c56d2&#8243; global_colors_info=&#8221;{}&#8221;][et_pb_heading title=&#8221;Superheroji:  Kada igra, znanje i mo\u0107 postaju jedno&#8221; _builder_version=&#8221;4.27.4&#8243; _module_preset=&#8221;ddeb8c09-9078-4424-bc15-2efb6572e28e&#8221; locked=&#8221;off&#8221; global_colors_info=&#8221;{}&#8221;][\/et_pb_heading][et_pb_text _builder_version=&#8221;4.27.4&#8243; _module_preset=&#8221;2c55a9c4-feed-423b-9edb-ae0b5b365cac&#8221; locked=&#8221;off&#8221; global_colors_info=&#8221;{}&#8221;]<\/p>\n<p><span>Dobrodo\u0161li u svet u kome je svako dete vi\u0111eno, podr\u017eano i vo\u0111eno ka svom punom potencijalu.<\/span><br data-start=\"130\" data-end=\"133\" \/><span>\u201eSuperheroji\u201c nisu samo program. Mi smo pokret \u2013 za ljubav, za u\u010denje kroz igru, za razvoj kroz osmeh i samopouzdanje.<\/span><\/p>\n<p>[\/et_pb_text][et_pb_blurb title=&#8221;Inovativni Pristup&#8221; use_icon=&#8221;on&#8221; font_icon=&#8221;&#xf549;||fa||900&#8243; icon_color=&#8221;gcid-secondary-color&#8221; _builder_version=&#8221;4.24.3&#8243; _module_preset=&#8221;1ea53d41-9439-472c-8d8b-7bddb3bf9444&#8243; global_colors_info=&#8221;{%22gcid-body-color%22:%91%22body_text_color%22%93,%22gcid-heading-color%22:%91%22header_text_color%22%93,%22gcid-secondary-color%22:%91%22icon_color%22%93}&#8221;][\/et_pb_blurb][et_pb_blurb title=&#8221;Razvoj Samopouzdanja&#8221; use_icon=&#8221;on&#8221; font_icon=&#8221;&#xf164;||fa||400&#8243; icon_color=&#8221;gcid-secondary-color&#8221; _builder_version=&#8221;4.24.3&#8243; _module_preset=&#8221;1ea53d41-9439-472c-8d8b-7bddb3bf9444&#8243; global_colors_info=&#8221;{%22gcid-body-color%22:%91%22body_text_color%22%93,%22gcid-heading-color%22:%91%22header_text_color%22%93,%22gcid-secondary-color%22:%91%22icon_color%22%93}&#8221;][\/et_pb_blurb][et_pb_blurb title=&#8221;Podr\u0161ka u U\u010denju&#8221; use_icon=&#8221;on&#8221; font_icon=&#8221;&#xf199;||fa||900&#8243; icon_color=&#8221;gcid-secondary-color&#8221; _builder_version=&#8221;4.24.2&#8243; _module_preset=&#8221;1ea53d41-9439-472c-8d8b-7bddb3bf9444&#8243; global_colors_info=&#8221;{%22gcid-body-color%22:%91%22body_text_color%22%93,%22gcid-heading-color%22:%91%22header_text_color%22%93,%22gcid-secondary-color%22:%91%22icon_color%22%93}&#8221;][\/et_pb_blurb][et_pb_button button_text=&#8221;Saznajte Vi\u0161e&#8221; _builder_version=&#8221;4.23.1&#8243; _module_preset=&#8221;1bffc0fc-42a0-49d1-bd9a-ae3ade2d7206&#8243; locked=&#8221;off&#8221; global_colors_info=&#8221;{}&#8221;][\/et_pb_button][\/et_pb_column][et_pb_column type=&#8221;1_2&#8243; _builder_version=&#8221;4.17.6&#8243; _module_preset=&#8221;73121f80-a3ef-4484-8763-c3f18e3c56d2&#8243; global_colors_info=&#8221;{}&#8221;][et_pb_image src=&#8221;https:\/\/191.edukovac.xyz\/wp-content\/uploads\/2025\/05\/DECA1FLAT-scaled.jpg&#8221; title_text=&#8221;DECA1FLAT&#8221; _builder_version=&#8221;4.27.4&#8243; _module_preset=&#8221;6ed8fd5c-62c5-4100-98c3-7b8b6d2c2ee6&#8243; box_shadow_style=&#8221;preset4&#8243; box_shadow_horizontal=&#8221;0px&#8221; box_shadow_vertical=&#8221;24px&#8221; box_shadow_blur=&#8221;72px&#8221; box_shadow_spread=&#8221;-12px&#8221; global_colors_info=&#8221;{}&#8221;][\/et_pb_image][\/et_pb_column][\/et_pb_row][\/et_pb_section][et_pb_section fb_built=&#8221;1&#8243; admin_label=&#8221;About&#8221; _builder_version=&#8221;4.25.1&#8243; _module_preset=&#8221;default&#8221; locked=&#8221;off&#8221; collapsed=&#8221;on&#8221; global_colors_info=&#8221;{}&#8221;][et_pb_row _builder_version=&#8221;4.25.1&#8243; _module_preset=&#8221;048d8e79-b07f-439b-bd57-f41c14f0a56b&#8221; global_colors_info=&#8221;{}&#8221;][et_pb_column type=&#8221;4_4&#8243; _builder_version=&#8221;4.25.1&#8243; _module_preset=&#8221;default&#8221; global_colors_info=&#8221;{}&#8221;][et_pb_heading title=&#8221;Fran\u0161iza \u201eSuperheroji\u201c&#8221; _builder_version=&#8221;4.27.4&#8243; _module_preset=&#8221;c33f07d9-41e0-421a-8799-5799df695cce&#8221; title_text_align=&#8221;center&#8221; global_colors_info=&#8221;{}&#8221;][\/et_pb_heading][et_pb_text _builder_version=&#8221;4.27.4&#8243; _module_preset=&#8221;2c55a9c4-feed-423b-9edb-ae0b5b365cac&#8221; text_orientation=&#8221;center&#8221; global_colors_info=&#8221;{}&#8221;]<\/p>\n<p data-start=\"39\" data-end=\"607\" class=\"\" style=\"text-align: left;\"><span>Fran\u0161iza \u201eSuperheroji\u201c nastaje<\/span>\u00a0iz ljubavi, znanja i vizije da je detinjstvo vreme kada se grade najva\u017enije \u017eivotne vrednosti. Pru\u017eamo inovativne, proverene i radosne obrazovne programe koji kombinuju:<br data-start=\"454\" data-end=\"457\" \/>\u2714\ufe0f pripremu za \u0161kolu<br data-start=\"477\" data-end=\"480\" \/>\u2714\ufe0f sportske aktivnosti<br data-start=\"502\" data-end=\"505\" \/>\u2714\ufe0f engleski jezik<br data-start=\"522\" data-end=\"525\" \/>sve u jednom paketu, dizajniranom po meri deteta i potrebama savremene porodice.<\/p>\n<p>[\/et_pb_text][\/et_pb_column][\/et_pb_row][et_pb_row _builder_version=&#8221;4.27.4&#8243; _module_preset=&#8221;default&#8221; global_colors_info=&#8221;{}&#8221;][et_pb_column type=&#8221;4_4&#8243; _builder_version=&#8221;4.27.4&#8243; _module_preset=&#8221;default&#8221; global_colors_info=&#8221;{}&#8221;][et_pb_image src=&#8221;https:\/\/191.edukovac.xyz\/wp-content\/uploads\/2025\/05\/4-1.png&#8221; title_text=&#8221;4&#8243; _builder_version=&#8221;4.27.4&#8243; _module_preset=&#8221;default&#8221; global_colors_info=&#8221;{}&#8221;][\/et_pb_image][\/et_pb_column][\/et_pb_row][\/et_pb_section][et_pb_section fb_built=&#8221;1&#8243; admin_label=&#8221;Services&#8221; _builder_version=&#8221;4.18.0&#8243; _module_preset=&#8221;default&#8221; locked=&#8221;off&#8221; collapsed=&#8221;on&#8221; global_colors_info=&#8221;{}&#8221;][et_pb_row _builder_version=&#8221;4.18.0&#8243; _module_preset=&#8221;5138c454-be54-4233-bd3b-f8e6a8747976&#8243; custom_margin=&#8221;|auto|-10px|auto|false|false&#8221; global_colors_info=&#8221;{}&#8221;][et_pb_column type=&#8221;4_4&#8243; _builder_version=&#8221;4.18.0&#8243; _module_preset=&#8221;73121f80-a3ef-4484-8763-c3f18e3c56d2&#8243; global_colors_info=&#8221;{}&#8221;][et_pb_heading title=&#8221;Na\u0161i Programi i Usluge&#8221; _builder_version=&#8221;4.24.2&#8243; _module_preset=&#8221;c33f07d9-41e0-421a-8799-5799df695cce&#8221; locked=&#8221;off&#8221; global_colors_info=&#8221;{}&#8221;][\/et_pb_heading][\/et_pb_column][\/et_pb_row][et_pb_row column_structure=&#8221;1_2,1_2&#8243; custom_padding_last_edited=&#8221;on|tablet&#8221; _builder_version=&#8221;4.23.1&#8243; _module_preset=&#8221;5138c454-be54-4233-bd3b-f8e6a8747976&#8243; custom_padding_tablet=&#8221;||0px||false|false&#8221; custom_padding_phone=&#8221;||0px||false|false&#8221; global_colors_info=&#8221;{}&#8221;][et_pb_column type=&#8221;1_2&#8243; _builder_version=&#8221;4.18.0&#8243; _module_preset=&#8221;73121f80-a3ef-4484-8763-c3f18e3c56d2&#8243; global_colors_info=&#8221;{}&#8221;][et_pb_blurb title=&#8221;ISKRA 1 (4\u20135 godina)&#8221; use_icon=&#8221;on&#8221; font_icon=&#8221;&#xf0ae;||fa||900&#8243; icon_color=&#8221;gcid-secondary-color&#8221; _builder_version=&#8221;4.27.4&#8243; _module_preset=&#8221;212b201d-2c34-41bd-936c-851b7357d08b&#8221; locked=&#8221;off&#8221; global_colors_info=&#8221;{%22gcid-body-color%22:%91%22body_text_color%22,%22body_text_color%22%93,%22gcid-heading-color%22:%91%22header_text_color%22,%22header_text_color%22%93,%22gcid-secondary-color%22:%91%22icon_color%22%93}&#8221;]<\/p>\n<p><span>Razvijanje pred\u010ditala\u010dkih sposobnosti<\/span><br data-start=\"1840\" data-end=\"1843\" \/><span>Osnove matematike kroz igru<\/span><br data-start=\"1870\" data-end=\"1873\" \/><span>Razvoj pa\u017enje, logike i koncentracije<\/span><br data-start=\"1910\" data-end=\"1913\" \/><span>Korektivne fizi\u010dke ve\u017ebe i razvoj motorike<\/span><br data-start=\"1955\" data-end=\"1958\" \/><span>Osnove engleskog jezika (pesme, pri\u010de, igra)<\/span><br data-start=\"2002\" data-end=\"2005\" \/><span>\u23f1 Trajanje: 2x nedeljno po 90 minuta<\/span><\/p>\n<p>[\/et_pb_blurb][\/et_pb_column][et_pb_column type=&#8221;1_2&#8243; _builder_version=&#8221;4.18.0&#8243; _module_preset=&#8221;73121f80-a3ef-4484-8763-c3f18e3c56d2&#8243; global_colors_info=&#8221;{}&#8221;][et_pb_blurb title=&#8221;ISKRA 2 (6\u20137 godina)&#8221; use_icon=&#8221;on&#8221; font_icon=&#8221;&#xf0ae;||fa||900&#8243; icon_color=&#8221;gcid-secondary-color&#8221; _builder_version=&#8221;4.27.4&#8243; _module_preset=&#8221;212b201d-2c34-41bd-936c-851b7357d08b&#8221; locked=&#8221;off&#8221; global_colors_info=&#8221;{%22gcid-body-color%22:%91%22body_text_color%22,%22body_text_color%22%93,%22gcid-heading-color%22:%91%22header_text_color%22,%22header_text_color%22%93,%22gcid-secondary-color%22:%91%22icon_color%22%93}&#8221;]<\/p>\n<p data-start=\"2308\" data-end=\"2581\" class=\"\">Priprema za polazak u \u0161kolu<br data-start=\"2362\" data-end=\"2365\" \/>Primena metodologije za \u010ditanje, pisanje i matematiku<br data-start=\"2418\" data-end=\"2421\" \/>Sportske aktivnosti, korektivne ve\u017ebe, motorika<br data-start=\"2468\" data-end=\"2471\" \/>Socijalne ve\u0161tine i komunikacija<br data-start=\"2503\" data-end=\"2506\" \/>Unapre\u0111ena obrada engleskog jezika<br data-start=\"2540\" data-end=\"2543\" \/>\u23f1 Trajanje: 2x nedeljno po 90 minuta<\/p>\n<p>[\/et_pb_blurb][\/et_pb_column][\/et_pb_row][et_pb_row column_structure=&#8221;1_2,1_2&#8243; custom_padding_last_edited=&#8221;on|tablet&#8221; _builder_version=&#8221;4.23.1&#8243; _module_preset=&#8221;5138c454-be54-4233-bd3b-f8e6a8747976&#8243; custom_padding_tablet=&#8221;||0px||false|false&#8221; custom_padding_phone=&#8221;||0px||false|false&#8221; global_colors_info=&#8221;{}&#8221;][et_pb_column type=&#8221;1_2&#8243; _builder_version=&#8221;4.18.0&#8243; _module_preset=&#8221;73121f80-a3ef-4484-8763-c3f18e3c56d2&#8243; global_colors_info=&#8221;{}&#8221;][et_pb_blurb title=&#8221;ISKRA 3 (7\u201310 godina)&#8221; use_icon=&#8221;on&#8221; font_icon=&#8221;&#xf0ae;||fa||900&#8243; icon_color=&#8221;gcid-secondary-color&#8221; _builder_version=&#8221;4.27.4&#8243; _module_preset=&#8221;212b201d-2c34-41bd-936c-851b7357d08b&#8221; locked=&#8221;off&#8221; global_colors_info=&#8221;{%22gcid-body-color%22:%91%22body_text_color%22,%22body_text_color%22%93,%22gcid-heading-color%22:%91%22header_text_color%22,%22header_text_color%22%93,%22gcid-secondary-color%22:%91%22icon_color%22%93}&#8221;]<\/p>\n<p><span>Napredne sportske aktivnosti<\/span><br data-start=\"1462\" data-end=\"1465\" \/><span>Razvoj fizi\u010dke spretnosti<\/span><br data-start=\"1490\" data-end=\"1493\" \/><span>Unapre\u0111enje engleskog jezika u skladu sa \u0161kolskim programom<\/span><br data-start=\"1552\" data-end=\"1555\" \/><span>\u23f1 Trajanje: 2x nedeljno po 80 minuta<\/span><\/p>\n<p>[\/et_pb_blurb][\/et_pb_column][et_pb_column type=&#8221;1_2&#8243; _builder_version=&#8221;4.18.0&#8243; _module_preset=&#8221;73121f80-a3ef-4484-8763-c3f18e3c56d2&#8243; global_colors_info=&#8221;{}&#8221;][et_pb_blurb title=&#8221;PODR\u0160KA U RADU (1\u20134. razred)&#8221; use_icon=&#8221;on&#8221; font_icon=&#8221;&#xf0ae;||fa||900&#8243; icon_color=&#8221;gcid-secondary-color&#8221; _builder_version=&#8221;4.27.4&#8243; _module_preset=&#8221;212b201d-2c34-41bd-936c-851b7357d08b&#8221; locked=&#8221;off&#8221; global_colors_info=&#8221;{%22gcid-body-color%22:%91%22body_text_color%22,%22body_text_color%22%93,%22gcid-heading-color%22:%91%22header_text_color%22,%22header_text_color%22%93,%22gcid-secondary-color%22:%91%22icon_color%22%93}&#8221;]<\/p>\n<p data-start=\"2308\" data-end=\"2581\" class=\"\"><span>Individualna ili mala grupna nastava<\/span><br data-start=\"1666\" data-end=\"1669\" \/><span>Podr\u0161ka u savladavanju gradiva<\/span><br data-start=\"1699\" data-end=\"1702\" \/><span>Razvoj samopouzdanja i motivacije<\/span><br data-start=\"1735\" data-end=\"1738\" \/><span>\u23f1 Trajanje: 45 minuta (po potrebi)<\/span><\/p>\n<p>[\/et_pb_blurb][\/et_pb_column][\/et_pb_row][\/et_pb_section][et_pb_section fb_built=&#8221;1&#8243; admin_label=&#8221;Features&#8221; _builder_version=&#8221;4.17.6&#8243; _module_preset=&#8221;default&#8221; min_height=&#8221;936.4px&#8221; locked=&#8221;off&#8221; collapsed=&#8221;on&#8221; global_colors_info=&#8221;{}&#8221;][et_pb_row _builder_version=&#8221;4.18.0&#8243; _module_preset=&#8221;5138c454-be54-4233-bd3b-f8e6a8747976&#8243; custom_margin=&#8221;|auto|-10px|auto|false|false&#8221; locked=&#8221;off&#8221; global_colors_info=&#8221;{}&#8221;][et_pb_column type=&#8221;4_4&#8243; _builder_version=&#8221;4.18.0&#8243; _module_preset=&#8221;73121f80-a3ef-4484-8763-c3f18e3c56d2&#8243; global_colors_info=&#8221;{}&#8221;][et_pb_heading title=&#8221;\u0160ta dobijate?&#8221; _builder_version=&#8221;4.27.4&#8243; _module_preset=&#8221;c33f07d9-41e0-421a-8799-5799df695cce&#8221; global_colors_info=&#8221;{}&#8221;][\/et_pb_heading][\/et_pb_column][\/et_pb_row][et_pb_row column_structure=&#8221;1_2,1_2&#8243; _builder_version=&#8221;4.27.4&#8243; _module_preset=&#8221;5138c454-be54-4233-bd3b-f8e6a8747976&#8243; global_colors_info=&#8221;{}&#8221;][et_pb_column type=&#8221;1_2&#8243; _builder_version=&#8221;4.17.3&#8243; _module_preset=&#8221;73121f80-a3ef-4484-8763-c3f18e3c56d2&#8243; global_colors_info=&#8221;{}&#8221;][et_pb_image src=&#8221;https:\/\/191.edukovac.xyz\/wp-content\/uploads\/2025\/05\/2.png&#8221; title_text=&#8221;2&#8243; _builder_version=&#8221;4.27.4&#8243; _module_preset=&#8221;6ed8fd5c-62c5-4100-98c3-7b8b6d2c2ee6&#8243; global_colors_info=&#8221;{}&#8221;][\/et_pb_image][et_pb_heading _builder_version=&#8221;4.27.4&#8243; _module_preset=&#8221;a3805066-8711-43c7-9f62-5782da0e9f7a&#8221; global_colors_info=&#8221;{}&#8221;][\/et_pb_heading][et_pb_text _builder_version=&#8221;4.27.4&#8243; _module_preset=&#8221;2c55a9c4-feed-423b-9edb-ae0b5b365cac&#8221; locked=&#8221;off&#8221; global_colors_info=&#8221;{%22gcid-36fd78a7-34bc-404d-873c-dafa34efaae5%22:%91%22icon_color%22,%22icon_color%22,%22icon_color%22,%22icon_color%22,%22icon_color%22,%22icon_color%22,%22icon_color%22,%22icon_color%22%93}&#8221;]<\/p>\n<p><span>Kompletan program sa didakti\u010dkim materijalima<\/span><\/p>\n<p>[\/et_pb_text][\/et_pb_column][et_pb_column type=&#8221;1_2&#8243; _builder_version=&#8221;4.17.3&#8243; _module_preset=&#8221;73121f80-a3ef-4484-8763-c3f18e3c56d2&#8243; global_colors_info=&#8221;{}&#8221;][et_pb_image src=&#8221;https:\/\/191.edukovac.xyz\/wp-content\/uploads\/2025\/05\/3.png&#8221; title_text=&#8221;3&#8243; _builder_version=&#8221;4.27.4&#8243; _module_preset=&#8221;6ed8fd5c-62c5-4100-98c3-7b8b6d2c2ee6&#8243; global_colors_info=&#8221;{}&#8221;][\/et_pb_image][et_pb_heading _builder_version=&#8221;4.27.4&#8243; _module_preset=&#8221;a3805066-8711-43c7-9f62-5782da0e9f7a&#8221; global_colors_info=&#8221;{}&#8221;][\/et_pb_heading][et_pb_text _builder_version=&#8221;4.27.4&#8243; _module_preset=&#8221;2c55a9c4-feed-423b-9edb-ae0b5b365cac&#8221; locked=&#8221;off&#8221; global_colors_info=&#8221;{%22gcid-36fd78a7-34bc-404d-873c-dafa34efaae5%22:%91%22icon_color%22,%22icon_color%22,%22icon_color%22,%22icon_color%22,%22icon_color%22,%22icon_color%22,%22icon_color%22,%22icon_color%22%93}&#8221;]<\/p>\n<p><span>Obuku, podr\u0161ku i mentorstvo od prvog dana<\/span><\/p>\n<p>[\/et_pb_text][\/et_pb_column][\/et_pb_row][et_pb_row column_structure=&#8221;1_2,1_2&#8243; _builder_version=&#8221;4.27.4&#8243; _module_preset=&#8221;5138c454-be54-4233-bd3b-f8e6a8747976&#8243; global_colors_info=&#8221;{}&#8221;][et_pb_column type=&#8221;1_2&#8243; _builder_version=&#8221;4.17.3&#8243; _module_preset=&#8221;73121f80-a3ef-4484-8763-c3f18e3c56d2&#8243; global_colors_info=&#8221;{}&#8221;][et_pb_image src=&#8221;https:\/\/191.edukovac.xyz\/wp-content\/uploads\/2025\/05\/1.png&#8221; title_text=&#8221;1&#8243; _builder_version=&#8221;4.27.4&#8243; _module_preset=&#8221;6ed8fd5c-62c5-4100-98c3-7b8b6d2c2ee6&#8243; global_colors_info=&#8221;{}&#8221;][\/et_pb_image][et_pb_heading _builder_version=&#8221;4.27.4&#8243; _module_preset=&#8221;a3805066-8711-43c7-9f62-5782da0e9f7a&#8221; global_colors_info=&#8221;{}&#8221;][\/et_pb_heading][et_pb_text _builder_version=&#8221;4.27.4&#8243; _module_preset=&#8221;2c55a9c4-feed-423b-9edb-ae0b5b365cac&#8221; locked=&#8221;off&#8221; global_colors_info=&#8221;{%22gcid-36fd78a7-34bc-404d-873c-dafa34efaae5%22:%91%22icon_color%22,%22icon_color%22,%22icon_color%22,%22icon_color%22,%22icon_color%22,%22icon_color%22,%22icon_color%22,%22icon_color%22%93}&#8221;]<\/p>\n<p><span>Isplativ i testiran model \u2013 realni prihod ve\u0107 od 15 upisanih mali\u0161ana<\/span><\/p>\n<p>[\/et_pb_text][\/et_pb_column][et_pb_column type=&#8221;1_2&#8243; _builder_version=&#8221;4.17.3&#8243; _module_preset=&#8221;73121f80-a3ef-4484-8763-c3f18e3c56d2&#8243; global_colors_info=&#8221;{}&#8221;][et_pb_image src=&#8221;https:\/\/191.edukovac.xyz\/wp-content\/uploads\/2025\/05\/4.png&#8221; title_text=&#8221;4&#8243; _builder_version=&#8221;4.27.4&#8243; _module_preset=&#8221;6ed8fd5c-62c5-4100-98c3-7b8b6d2c2ee6&#8243; global_colors_info=&#8221;{}&#8221;][\/et_pb_image][et_pb_heading _builder_version=&#8221;4.27.4&#8243; _module_preset=&#8221;a3805066-8711-43c7-9f62-5782da0e9f7a&#8221; global_colors_info=&#8221;{}&#8221;][\/et_pb_heading][et_pb_text _builder_version=&#8221;4.27.4&#8243; _module_preset=&#8221;2c55a9c4-feed-423b-9edb-ae0b5b365cac&#8221; locked=&#8221;off&#8221; global_colors_info=&#8221;{%22gcid-36fd78a7-34bc-404d-873c-dafa34efaae5%22:%91%22icon_color%22,%22icon_color%22,%22icon_color%22,%22icon_color%22,%22icon_color%22,%22icon_color%22,%22icon_color%22,%22icon_color%22%93}&#8221;]<\/p>\n<p><span>Brend, logo, vizuale, priru\u010dnike i marketing plan<\/span><\/p>\n<p>[\/et_pb_text][\/et_pb_column][\/et_pb_row][\/et_pb_section][et_pb_section fb_built=&#8221;1&#8243; admin_label=&#8221;Testimonials&#8221; _builder_version=&#8221;4.17.6&#8243; _module_preset=&#8221;default&#8221; locked=&#8221;off&#8221; collapsed=&#8221;on&#8221; global_colors_info=&#8221;{}&#8221;][et_pb_row _builder_version=&#8221;4.16&#8243; _module_preset=&#8221;5138c454-be54-4233-bd3b-f8e6a8747976&#8243; custom_margin=&#8221;-78px|auto||auto||&#8221; global_colors_info=&#8221;{}&#8221;][et_pb_column type=&#8221;4_4&#8243; _builder_version=&#8221;4.16&#8243; _module_preset=&#8221;73121f80-a3ef-4484-8763-c3f18e3c56d2&#8243; global_colors_info=&#8221;{}&#8221;][et_pb_heading title=&#8221;ZA\u0160TO JE NA\u0160 MODEL FRAN\u0160IZE JEDINSTVEN?&#8221; _builder_version=&#8221;4.27.4&#8243; _module_preset=&#8221;c33f07d9-41e0-421a-8799-5799df695cce&#8221; title_text_align=&#8221;center&#8221; global_colors_info=&#8221;{}&#8221;][\/et_pb_heading][\/et_pb_column][\/et_pb_row][et_pb_row _builder_version=&#8221;4.27.4&#8243; _module_preset=&#8221;default&#8221; global_colors_info=&#8221;{}&#8221;][et_pb_column type=&#8221;4_4&#8243; _builder_version=&#8221;4.27.4&#8243; _module_preset=&#8221;default&#8221; global_colors_info=&#8221;{}&#8221;][et_pb_text _builder_version=&#8221;4.27.4&#8243; _module_preset=&#8221;default&#8221; global_colors_info=&#8221;{}&#8221;]<\/p>\n<p><span>Program \u201eSuperheroji\u201c nije nastao kao puki poslovni poduhvat, ve\u0107 kao odgovor na realne potrebe dece i roditelja dana\u0161njice. Na\u0161i programi su u potpunosti testirani u praksi i zasnovani na:<\/span><\/p>\n<p>[\/et_pb_text][\/et_pb_column][\/et_pb_row][et_pb_row column_structure=&#8221;1_2,1_2&#8243; _builder_version=&#8221;4.27.4&#8243; _module_preset=&#8221;5138c454-be54-4233-bd3b-f8e6a8747976&#8243; border_width_left=&#8221;27px&#8221; border_color_left=&#8221;#7CDA24&#8243; global_colors_info=&#8221;{}&#8221;][et_pb_column type=&#8221;1_2&#8243; _builder_version=&#8221;4.24.3&#8243; _module_preset=&#8221;50607da8-57bc-4d4b-aaef-f02e41c2cc4a&#8221; global_colors_info=&#8221;{}&#8221;][et_pb_blurb _builder_version=&#8221;4.27.4&#8243; _module_preset=&#8221;203c76fc-aee0-4484-9be1-f0e2ebd81a8f&#8221; locked=&#8221;off&#8221; global_colors_info=&#8221;{}&#8221;]<\/p>\n<p><span>Savremenoj pedago\u0161koj metodologiji<\/span><\/p>\n<p>[\/et_pb_blurb][\/et_pb_column][et_pb_column type=&#8221;1_2&#8243; _builder_version=&#8221;4.24.3&#8243; _module_preset=&#8221;50607da8-57bc-4d4b-aaef-f02e41c2cc4a&#8221; global_colors_info=&#8221;{}&#8221;][et_pb_blurb _builder_version=&#8221;4.27.4&#8243; _module_preset=&#8221;203c76fc-aee0-4484-9be1-f0e2ebd81a8f&#8221; locked=&#8221;off&#8221; global_colors_info=&#8221;{}&#8221;]<\/p>\n<p><span>Interaktivnoj nastavi i radu u malim grupama<\/span><\/p>\n<p>[\/et_pb_blurb][\/et_pb_column][\/et_pb_row][et_pb_row column_structure=&#8221;1_2,1_2&#8243; _builder_version=&#8221;4.27.4&#8243; _module_preset=&#8221;5138c454-be54-4233-bd3b-f8e6a8747976&#8243; border_width_left=&#8221;27px&#8221; border_color_left=&#8221;#7CDA24&#8243; global_colors_info=&#8221;{}&#8221;][et_pb_column type=&#8221;1_2&#8243; _builder_version=&#8221;4.24.3&#8243; _module_preset=&#8221;50607da8-57bc-4d4b-aaef-f02e41c2cc4a&#8221; global_colors_info=&#8221;{}&#8221;][et_pb_blurb _builder_version=&#8221;4.27.4&#8243; _module_preset=&#8221;203c76fc-aee0-4484-9be1-f0e2ebd81a8f&#8221; locked=&#8221;off&#8221; global_colors_info=&#8221;{}&#8221;]<\/p>\n<p><span>Povezivanju uma, tela i emocija<\/span><\/p>\n<p>[\/et_pb_blurb][\/et_pb_column][et_pb_column type=&#8221;1_2&#8243; _builder_version=&#8221;4.24.3&#8243; _module_preset=&#8221;50607da8-57bc-4d4b-aaef-f02e41c2cc4a&#8221; global_colors_info=&#8221;{}&#8221;][et_pb_blurb _builder_version=&#8221;4.27.4&#8243; _module_preset=&#8221;203c76fc-aee0-4484-9be1-f0e2ebd81a8f&#8221; locked=&#8221;off&#8221; global_colors_info=&#8221;{}&#8221;]<\/p>\n<p><span>Empati\u010dnom odnosu prema deci i roditeljima<\/span><\/p>\n<p>[\/et_pb_blurb][\/et_pb_column][\/et_pb_row][et_pb_row _builder_version=&#8221;4.27.4&#8243; _module_preset=&#8221;default&#8221; global_colors_info=&#8221;{}&#8221;][et_pb_column type=&#8221;4_4&#8243; _builder_version=&#8221;4.27.4&#8243; _module_preset=&#8221;default&#8221; global_colors_info=&#8221;{}&#8221;][et_pb_text _builder_version=&#8221;4.27.4&#8243; _module_preset=&#8221;default&#8221; global_colors_info=&#8221;{}&#8221;]<\/p>\n<p><span>Svaki program je pa\u017eljivo dizajniran da podstakne samopouzdanje, kreativnost i radoznalost, a istovremeno pru\u017ei roditeljima prakti\u010dno re\u0161enje \u2013 vi\u0161e aktivnosti na jednom mestu, dva puta nedeljno.<\/span><\/p>\n<p>[\/et_pb_text][\/et_pb_column][\/et_pb_row][\/et_pb_section][et_pb_section fb_built=&#8221;1&#8243; admin_label=&#8221;Call to Action&#8221; _builder_version=&#8221;4.27.4&#8243; _module_preset=&#8221;default&#8221; background_enable_color=&#8221;off&#8221; background_image=&#8221;https:\/\/191.edukovac.xyz\/wp-content\/uploads\/2025\/05\/1-1.png&#8221; custom_padding=&#8221;5vw||5vw||true|false&#8221; locked=&#8221;off&#8221; collapsed=&#8221;on&#8221; global_colors_info=&#8221;{%22gcid-36fd78a7-34bc-404d-873c-dafa34efaae5%22:%91%22background_color%22%93}&#8221;][et_pb_row _builder_version=&#8221;4.18.0&#8243; _module_preset=&#8221;5138c454-be54-4233-bd3b-f8e6a8747976&#8243; global_colors_info=&#8221;{}&#8221;][et_pb_column type=&#8221;4_4&#8243; _builder_version=&#8221;4.18.0&#8243; _module_preset=&#8221;73121f80-a3ef-4484-8763-c3f18e3c56d2&#8243; global_colors_info=&#8221;{}&#8221;][et_pb_cta title=&#8221;Postanite nosilac svetlosti. Postanite SUPERHEROJ.&#8221; button_url=&#8221;#&#8221; button_text=&#8221;Prijavite se odmah&#8221; _builder_version=&#8221;4.27.4&#8243; _module_preset=&#8221;4c2ad5d0-871e-414e-a4be-aa9134d4ae8e&#8221; custom_padding=&#8221;60px|60px|60px|60px|true|true&#8221; custom_padding_tablet=&#8221;30px|30px|30px|30px|true|true&#8221; custom_padding_phone=&#8221;20px|20px|20px|20px|true|true&#8221; custom_padding_last_edited=&#8221;on|desktop&#8221; hover_enabled=&#8221;0&#8243; locked=&#8221;off&#8221; global_colors_info=&#8221;{%22gcid-f2943306-fa6c-45f0-b632-5fc00151366a%22:%91%22button_text_color%22%93,%22gcid-36fd78a7-34bc-404d-873c-dafa34efaae5%22:%91%22button_text_color%22,%22color%22,%22background_color%22%93,%22gcid-7cadd8b3-5228-48e4-90c4-212d09232f7b%22:%91%22color%22,%22color%22,%22color%22,%22color%22%93,%22gcid-f113ad93-2527-46d7-862b-fc71181c6b5e%22:%91%22border_color_all%22,%22border_color_all%22%93}&#8221; text_font_size_tablet=&#8221;16px&#8221; text_font_size_phone=&#8221;14px&#8221; text_font_size_last_edited=&#8221;on|phone&#8221; sticky_enabled=&#8221;0&#8243;]<\/p>\n<p><span>Ova fran\u0161iza nije samo posao \u2013 ona je misija.<\/span><br data-start=\"3706\" data-end=\"3709\" \/><span>Ako ose\u0107ate da obrazovanje mo\u017ee biti druga\u010dije \u2013 autenti\u010dnije, radosnije i sna\u017enije \u2013 onda ste ve\u0107 u pravom timu.<\/span><\/p>\n<p>[\/et_pb_cta][\/et_pb_column][\/et_pb_row][\/et_pb_section]<\/p>\n","protected":false},"excerpt":{"rendered":"<p>Dobrodo\u0161li u svet u kome je svako dete vi\u0111eno, podr\u017eano i vo\u0111eno ka svom punom potencijalu.\u201eSuperheroji\u201c nisu samo program. Mi smo pokret \u2013 za ljubav, za u\u010denje kroz igru, za razvoj kroz osmeh i samopouzdanje.Fran\u0161iza \u201eSuperheroji\u201c nastaje\u00a0iz ljubavi, znanja i vizije da je detinjstvo vreme kada se grade najva\u017enije \u017eivotne vrednosti. Pru\u017eamo inovativne, proverene i [&hellip;]<\/p>\n","protected":false},"author":1,"featured_media":0,"parent":0,"menu_order":0,"comment_status":"closed","ping_status":"closed","template":"","meta":{"_et_pb_use_builder":"on","_et_pb_old_content":"","_et_gb_content_width":"","footnotes":""},"class_list":["post-458","page","type-page","status-publish","hentry"],"_links":{"self":[{"href":"https:\/\/191.edukovac.xyz\/index.php\/wp-json\/wp\/v2\/pages\/458","targetHints":{"allow":["GET"]}}],"collection":[{"href":"https:\/\/191.edukovac.xyz\/index.php\/wp-json\/wp\/v2\/pages"}],"about":[{"href":"https:\/\/191.edukovac.xyz\/index.php\/wp-json\/wp\/v2\/types\/page"}],"author":[{"embeddable":true,"href":"https:\/\/191.edukovac.xyz\/index.php\/wp-json\/wp\/v2\/users\/1"}],"replies":[{"embeddable":true,"href":"https:\/\/191.edukovac.xyz\/index.php\/wp-json\/wp\/v2\/comments?post=458"}],"version-history":[{"count":12,"href":"https:\/\/191.edukovac.xyz\/index.php\/wp-json\/wp\/v2\/pages\/458\/revisions"}],"predecessor-version":[{"id":659,"href":"https:\/\/191.edukovac.xyz\/index.php\/wp-json\/wp\/v2\/pages\/458\/revisions\/659"}],"wp:attachment":[{"href":"https:\/\/191.edukovac.xyz\/index.php\/wp-json\/wp\/v2\/media?parent=458"}],"curies":[{"name":"wp","href":"https:\/\/api.w.org\/{rel}","templated":true}]}}